{"id":152,"date":"2013-04-08T18:32:00","date_gmt":"2013-04-08T21:32:00","guid":{"rendered":"http:\/\/198.136.48.26\/~clubedas\/acompanhe"},"modified":"2014-01-20T19:35:08","modified_gmt":"2014-01-20T22:35:08","slug":"acompanhe","status":"publish","type":"page","link":"https:\/\/pitangua.com.br\/clubedascuriosidades.com\/acompanhe","title":{"rendered":"Acompanhe"},"content":{"rendered":"<div class=\"f7a29cab2a317c7721f4afed2555e9bc\" data-index=\"1\" style=\"float: none; margin:10px 0 10px 0; text-align:center;\">\n<!-- Spider.Ad TAG - Formato Banner Arroba - Website http:\/\/www.clubedascuriosidades.com --> <script type=\"text\/javascript\" src=\"http:\/\/lizard1301.spider.ad\/spd_display?id=15993&arg=divSpdRetangulo\"><\/script> <!-- Fim da Spider.Ad TAG -->\n<\/div>\n<p>Ol\u00e1 pessoal, aqui voc\u00ea poder\u00e1 saber as diversas formas de acompanhar o Clube das Curiosidades e ficar sempre por dentro de novas curiosidades e atualiza\u00e7\u00f5es!<\/p>\n<!--CusAds--><p>Por isso criei v\u00e1rias formas de acompanhar o Clube das Curiosidades para que voc\u00ea acompanhe como preferir:<\/p><!--CusAds0-->\n<table border=\"0\">\n<tbody>\n<tr>\n<td><a style=\"margin-left: 1em; margin-right: 1em;\" href=\"https:\/\/i0.wp.com\/cdn1.iconfinder.com\/data\/icons\/WPZOOM_Social_Networking_Icon_Set\/64\/rss.png\"><img decoding=\"async\" alt=\"\" src=\"https:\/\/i0.wp.com\/cdn1.iconfinder.com\/data\/icons\/WPZOOM_Social_Networking_Icon_Set\/64\/rss.png?w=660\" border=\"0\" data-recalc-dims=\"1\" \/><\/a><\/td>\n<td><b>E-mail (Feed\/RSS)<\/b><br \/>\nAssine nosso Feed e receba as not\u00edcias no seu e-mail.<br \/>\n<a href=\"http:\/\/feeds.feedburner.com\/ccuriosidades\">feeds.feedburner.com\/ccuriosidades<\/a><\/td>\n<\/tr>\n<tr>\n<td><a style=\"margin-left: 1em; margin-right: 1em;\" href=\"https:\/\/i0.wp.com\/cdn1.iconfinder.com\/data\/icons\/WPZOOM_Social_Networking_Icon_Set\/64\/twitter.png\"><img decoding=\"async\" alt=\"\" src=\"https:\/\/i0.wp.com\/cdn1.iconfinder.com\/data\/icons\/WPZOOM_Social_Networking_Icon_Set\/64\/twitter.png?w=660\" border=\"0\" data-recalc-dims=\"1\" \/><\/a><\/td>\n<td><b>Twitter<\/b><br \/>\nSiga o nosso blog no twitter!<br \/>\n<a href=\"http:\/\/twitter.com\/ccuriosidades\">twitter.com\/ccuriosidades<\/a><\/td>\n<\/tr>\n<tr>\n<td><a style=\"margin-left: 1em; margin-right: 1em;\" href=\"https:\/\/i0.wp.com\/cdn1.iconfinder.com\/data\/icons\/WPZOOM_Social_Networking_Icon_Set\/64\/facebook.png\"><img decoding=\"async\" alt=\"\" src=\"https:\/\/i0.wp.com\/cdn1.iconfinder.com\/data\/icons\/WPZOOM_Social_Networking_Icon_Set\/64\/facebook.png?w=660\" border=\"0\" data-recalc-dims=\"1\" \/><\/a><\/td>\n<td><b>Facebook<\/b><br \/>\nCurta a nossa p\u00e1gina no Facebook.<br \/>\n<a href=\"http:\/\/facebook.com\/clubedascuriosidadesblog\">facebook.com\/clubedascuriosidadesblog<\/a><\/td>\n<\/tr>\n<tr>\n<td><a style=\"margin-left: 1em; margin-right: 1em;\" href=\"https:\/\/i0.wp.com\/cdn1.iconfinder.com\/data\/icons\/WPZOOM_Social_Networking_Icon_Set\/64\/google.png\"><img decoding=\"async\" alt=\"\" src=\"https:\/\/i0.wp.com\/cdn1.iconfinder.com\/data\/icons\/WPZOOM_Social_Networking_Icon_Set\/64\/google.png?w=660\" border=\"0\" data-recalc-dims=\"1\" \/><\/a><\/td>\n<td><b>Google+<\/b><br \/>\nCurta a nossa p\u00e1gina no Google+.<br \/>\n<a href=\"http:\/\/plus.google.com\/u\/0\/100458877959158874974\">plus.google.com\/u\/0\/100458877959158874974<\/a><\/td>\n<\/tr>\n<tr>\n<td><a style=\"margin-left: 1em; margin-right: 1em;\" href=\"https:\/\/i0.wp.com\/cdn1.iconfinder.com\/data\/icons\/WPZOOM_Social_Networking_Icon_Set\/64\/android.png\"><img decoding=\"async\" alt=\"\" src=\"https:\/\/i0.wp.com\/cdn1.iconfinder.com\/data\/icons\/WPZOOM_Social_Networking_Icon_Set\/64\/android.png?w=660\" border=\"0\" data-recalc-dims=\"1\" \/><\/a><\/td>\n<td><b>Android<\/b><br \/>\nInstale o nosso aplicativo no seu celular android.<br \/>\n<a href=\"http:\/\/universo.mobi\/clubedascuriosidades\">universo.mobi\/clubedascuriosidades<\/a><b><br \/>\n<\/b><\/td>\n<\/tr>\n<tr>\n<td><a style=\"margin-left: 1em; margin-right: 1em;\" href=\"https:\/\/i0.wp.com\/cdn1.iconfinder.com\/data\/icons\/WPZOOM_Social_Networking_Icon_Set\/64\/apple.png\"><img decoding=\"async\" alt=\"\" src=\"https:\/\/i0.wp.com\/cdn1.iconfinder.com\/data\/icons\/WPZOOM_Social_Networking_Icon_Set\/64\/apple.png?w=660\" border=\"0\" data-recalc-dims=\"1\" \/><\/a><\/td>\n<td><b>Iphone<\/b><br \/>\nUtilize o aplicativo do nosso blog no seu Iphone!<br \/>\n<a href=\"http:\/\/universo.mobi\/clubedascuriosidades\">universo.mobi\/clubedascuriosidades<\/a><b>\u00a0<\/b><\/td>\n<\/tr>\n<tr>\n<td><a style=\"margin-left: 1em; margin-right: 1em;\" href=\"https:\/\/i0.wp.com\/cdn1.iconfinder.com\/data\/icons\/CrystalClear\/64x64\/apps\/keditbookmarks.png\"><img decoding=\"async\" alt=\"\" src=\"https:\/\/i0.wp.com\/cdn1.iconfinder.com\/data\/icons\/CrystalClear\/64x64\/apps\/keditbookmarks.png?w=660\" border=\"0\" data-recalc-dims=\"1\" \/><\/a><\/td>\n<td><b>Favoritos<\/b><br \/>\nAdicione o nosso blog aos favoritos do seu navegador e fique por dentro!<\/td>\n<\/tr>\n<\/tbody>\n<\/table>\n<!--CusAds-->\n<div style=\"font-size: 0px; height: 0px; line-height: 0px; margin: 0; padding: 0; clear: both;\"><\/div>","protected":false},"excerpt":{"rendered":"<p>Ol\u00e1 pessoal, aqui voc\u00ea poder\u00e1 saber as diversas formas de acompanhar o Clube das Curiosidades e ficar sempre por dentro de novas curiosidades e atualiza\u00e7\u00f5es! Por isso criei v\u00e1rias formas de acompanhar o Clube das Curiosidades para que voc\u00ea acompanhe como preferir: E-mail (Feed\/RSS) Assine nosso Feed e receba as not\u00edcias no seu e-mail. feeds.feedburner.com\/ccuriosidades &hellip; <a href=\"https:\/\/pitangua.com.br\/clubedascuriosidades.com\/acompanhe\" class=\"more-link\">Continuar lendo <span class=\"screen-reader-text\">Acompanhe<\/span><\/a><\/p>\n","protected":false},"author":1,"featured_media":0,"parent":0,"menu_order":0,"comment_status":"closed","ping_status":"closed","template":"page-nosidebar.php","meta":{"footnotes":""},"class_list":["post-152","page","type-page","status-publish","hentry"],"yoast_head":"<!-- This site is optimized with the Yoast SEO plugin v22.7 - https:\/\/yoast.com\/wordpress\/plugins\/seo\/ -->\n<title>Acompanhe - Clube das Curiosidades<\/title>\n<meta name=\"description\" content=\"Acompanhe o Clube das Curiosidades para ficar por dentro das nossas novas curiosidades.\" \/>\n<meta name=\"robots\" content=\"index, follow, max-snippet:-1, max-image-preview:large, max-video-preview:-1\" \/>\n<link rel=\"canonical\" href=\"https:\/\/pitangua.com.br\/clubedascuriosidades.com\/acompanhe\" \/>\n<meta property=\"og:locale\" content=\"pt_BR\" \/>\n<meta property=\"og:type\" content=\"article\" \/>\n<meta property=\"og:title\" content=\"Acompanhe - Clube das Curiosidades\" \/>\n<meta property=\"og:description\" content=\"Acompanhe o Clube das Curiosidades para ficar por dentro das nossas novas curiosidades.\" \/>\n<meta property=\"og:url\" content=\"https:\/\/pitangua.com.br\/clubedascuriosidades.com\/acompanhe\" \/>\n<meta property=\"og:site_name\" content=\"Clube das Curiosidades\" \/>\n<meta property=\"article:publisher\" content=\"http:\/\/www.facebook.com\/clubedascuriosidadesblog\" \/>\n<meta property=\"article:modified_time\" content=\"2014-01-20T22:35:08+00:00\" \/>\n<meta property=\"og:image\" content=\"http:\/\/cdn1.iconfinder.com\/data\/icons\/WPZOOM_Social_Networking_Icon_Set\/64\/rss.png\" \/>\n<meta name=\"twitter:card\" content=\"summary_large_image\" \/>\n<meta name=\"twitter:site\" content=\"@ccuriosidades\" \/>\n<meta name=\"twitter:label1\" content=\"Est. tempo de leitura\" \/>\n\t<meta name=\"twitter:data1\" content=\"1 minuto\" \/>\n<script type=\"application\/ld+json\" class=\"yoast-schema-graph\">{\"@context\":\"https:\/\/schema.org\",\"@graph\":[{\"@type\":\"WebPage\",\"@id\":\"https:\/\/pitangua.com.br\/clubedascuriosidades.com\/acompanhe\",\"url\":\"https:\/\/pitangua.com.br\/clubedascuriosidades.com\/acompanhe\",\"name\":\"Acompanhe - Clube das Curiosidades\",\"isPartOf\":{\"@id\":\"http:\/\/pitangua.com.br\/clubedascuriosidades.com\/#website\"},\"primaryImageOfPage\":{\"@id\":\"https:\/\/pitangua.com.br\/clubedascuriosidades.com\/acompanhe#primaryimage\"},\"image\":{\"@id\":\"https:\/\/pitangua.com.br\/clubedascuriosidades.com\/acompanhe#primaryimage\"},\"thumbnailUrl\":\"http:\/\/cdn1.iconfinder.com\/data\/icons\/WPZOOM_Social_Networking_Icon_Set\/64\/rss.png\",\"datePublished\":\"2013-04-08T21:32:00+00:00\",\"dateModified\":\"2014-01-20T22:35:08+00:00\",\"description\":\"Acompanhe o Clube das Curiosidades para ficar por dentro das nossas novas curiosidades.\",\"breadcrumb\":{\"@id\":\"https:\/\/pitangua.com.br\/clubedascuriosidades.com\/acompanhe#breadcrumb\"},\"inLanguage\":\"pt-BR\",\"potentialAction\":[{\"@type\":\"ReadAction\",\"target\":[\"https:\/\/pitangua.com.br\/clubedascuriosidades.com\/acompanhe\"]}]},{\"@type\":\"ImageObject\",\"inLanguage\":\"pt-BR\",\"@id\":\"https:\/\/pitangua.com.br\/clubedascuriosidades.com\/acompanhe#primaryimage\",\"url\":\"http:\/\/cdn1.iconfinder.com\/data\/icons\/WPZOOM_Social_Networking_Icon_Set\/64\/rss.png\",\"contentUrl\":\"http:\/\/cdn1.iconfinder.com\/data\/icons\/WPZOOM_Social_Networking_Icon_Set\/64\/rss.png\"},{\"@type\":\"BreadcrumbList\",\"@id\":\"https:\/\/pitangua.com.br\/clubedascuriosidades.com\/acompanhe#breadcrumb\",\"itemListElement\":[{\"@type\":\"ListItem\",\"position\":1,\"name\":\"Home\",\"item\":\"http:\/\/pitangua.com.br\/clubedascuriosidades.com\"},{\"@type\":\"ListItem\",\"position\":2,\"name\":\"Acompanhe\"}]},{\"@type\":\"WebSite\",\"@id\":\"http:\/\/pitangua.com.br\/clubedascuriosidades.com\/#website\",\"url\":\"http:\/\/pitangua.com.br\/clubedascuriosidades.com\/\",\"name\":\"Clube das Curiosidades\",\"description\":\"Desperte sua Curiosidade\",\"potentialAction\":[{\"@type\":\"SearchAction\",\"target\":{\"@type\":\"EntryPoint\",\"urlTemplate\":\"http:\/\/pitangua.com.br\/clubedascuriosidades.com\/?s={search_term_string}\"},\"query-input\":\"required name=search_term_string\"}],\"inLanguage\":\"pt-BR\"}]}<\/script>\n<!-- \/ Yoast SEO plugin. -->","yoast_head_json":{"title":"Acompanhe - Clube das Curiosidades","description":"Acompanhe o Clube das Curiosidades para ficar por dentro das nossas novas curiosidades.","robots":{"index":"index","follow":"follow","max-snippet":"max-snippet:-1","max-image-preview":"max-image-preview:large","max-video-preview":"max-video-preview:-1"},"canonical":"https:\/\/pitangua.com.br\/clubedascuriosidades.com\/acompanhe","og_locale":"pt_BR","og_type":"article","og_title":"Acompanhe - Clube das Curiosidades","og_description":"Acompanhe o Clube das Curiosidades para ficar por dentro das nossas novas curiosidades.","og_url":"https:\/\/pitangua.com.br\/clubedascuriosidades.com\/acompanhe","og_site_name":"Clube das Curiosidades","article_publisher":"http:\/\/www.facebook.com\/clubedascuriosidadesblog","article_modified_time":"2014-01-20T22:35:08+00:00","og_image":[{"url":"http:\/\/cdn1.iconfinder.com\/data\/icons\/WPZOOM_Social_Networking_Icon_Set\/64\/rss.png"}],"twitter_card":"summary_large_image","twitter_site":"@ccuriosidades","twitter_misc":{"Est. tempo de leitura":"1 minuto"},"schema":{"@context":"https:\/\/schema.org","@graph":[{"@type":"WebPage","@id":"https:\/\/pitangua.com.br\/clubedascuriosidades.com\/acompanhe","url":"https:\/\/pitangua.com.br\/clubedascuriosidades.com\/acompanhe","name":"Acompanhe - Clube das Curiosidades","isPartOf":{"@id":"http:\/\/pitangua.com.br\/clubedascuriosidades.com\/#website"},"primaryImageOfPage":{"@id":"https:\/\/pitangua.com.br\/clubedascuriosidades.com\/acompanhe#primaryimage"},"image":{"@id":"https:\/\/pitangua.com.br\/clubedascuriosidades.com\/acompanhe#primaryimage"},"thumbnailUrl":"http:\/\/cdn1.iconfinder.com\/data\/icons\/WPZOOM_Social_Networking_Icon_Set\/64\/rss.png","datePublished":"2013-04-08T21:32:00+00:00","dateModified":"2014-01-20T22:35:08+00:00","description":"Acompanhe o Clube das Curiosidades para ficar por dentro das nossas novas curiosidades.","breadcrumb":{"@id":"https:\/\/pitangua.com.br\/clubedascuriosidades.com\/acompanhe#breadcrumb"},"inLanguage":"pt-BR","potentialAction":[{"@type":"ReadAction","target":["https:\/\/pitangua.com.br\/clubedascuriosidades.com\/acompanhe"]}]},{"@type":"ImageObject","inLanguage":"pt-BR","@id":"https:\/\/pitangua.com.br\/clubedascuriosidades.com\/acompanhe#primaryimage","url":"http:\/\/cdn1.iconfinder.com\/data\/icons\/WPZOOM_Social_Networking_Icon_Set\/64\/rss.png","contentUrl":"http:\/\/cdn1.iconfinder.com\/data\/icons\/WPZOOM_Social_Networking_Icon_Set\/64\/rss.png"},{"@type":"BreadcrumbList","@id":"https:\/\/pitangua.com.br\/clubedascuriosidades.com\/acompanhe#breadcrumb","itemListElement":[{"@type":"ListItem","position":1,"name":"Home","item":"http:\/\/pitangua.com.br\/clubedascuriosidades.com"},{"@type":"ListItem","position":2,"name":"Acompanhe"}]},{"@type":"WebSite","@id":"http:\/\/pitangua.com.br\/clubedascuriosidades.com\/#website","url":"http:\/\/pitangua.com.br\/clubedascuriosidades.com\/","name":"Clube das Curiosidades","description":"Desperte sua Curiosidade","potentialAction":[{"@type":"SearchAction","target":{"@type":"EntryPoint","urlTemplate":"http:\/\/pitangua.com.br\/clubedascuriosidades.com\/?s={search_term_string}"},"query-input":"required name=search_term_string"}],"inLanguage":"pt-BR"}]}},"jetpack_sharing_enabled":false,"_links":{"self":[{"href":"https:\/\/pitangua.com.br\/clubedascuriosidades.com\/wp-json\/wp\/v2\/pages\/152","targetHints":{"allow":["GET"]}}],"collection":[{"href":"https:\/\/pitangua.com.br\/clubedascuriosidades.com\/wp-json\/wp\/v2\/pages"}],"about":[{"href":"https:\/\/pitangua.com.br\/clubedascuriosidades.com\/wp-json\/wp\/v2\/types\/page"}],"author":[{"embeddable":true,"href":"https:\/\/pitangua.com.br\/clubedascuriosidades.com\/wp-json\/wp\/v2\/users\/1"}],"replies":[{"embeddable":true,"href":"https:\/\/pitangua.com.br\/clubedascuriosidades.com\/wp-json\/wp\/v2\/comments?post=152"}],"version-history":[{"count":2,"href":"https:\/\/pitangua.com.br\/clubedascuriosidades.com\/wp-json\/wp\/v2\/pages\/152\/revisions"}],"predecessor-version":[{"id":721,"href":"https:\/\/pitangua.com.br\/clubedascuriosidades.com\/wp-json\/wp\/v2\/pages\/152\/revisions\/721"}],"wp:attachment":[{"href":"https:\/\/pitangua.com.br\/clubedascuriosidades.com\/wp-json\/wp\/v2\/media?parent=152"}],"curies":[{"name":"wp","href":"https:\/\/api.w.org\/{rel}","templated":true}]}}