{"id":146,"date":"2013-10-31T15:11:00","date_gmt":"2013-10-31T18:11:00","guid":{"rendered":"http:\/\/198.136.48.26\/~clubedas\/sobre"},"modified":"2016-02-17T17:32:26","modified_gmt":"2016-02-17T20:32:26","slug":"sobre","status":"publish","type":"page","link":"https:\/\/pitangua.com.br\/clubedascuriosidades.com\/sobre","title":{"rendered":"Sobre"},"content":{"rendered":"<div class=\"f7a29cab2a317c7721f4afed2555e9bc\" data-index=\"1\" style=\"float: none; margin:10px 0 10px 0; text-align:center;\">\n<!-- Spider.Ad TAG - Formato Banner Arroba - Website http:\/\/www.clubedascuriosidades.com --> <script type=\"text\/javascript\" src=\"http:\/\/lizard1301.spider.ad\/spd_display?id=15993&arg=divSpdRetangulo\"><\/script> <!-- Fim da Spider.Ad TAG -->\n<\/div>\n<h2>O Blog<\/h2>\n<p><img loading=\"lazy\" decoding=\"async\" class=\"alignleft wp-image-875 size-medium\" src=\"https:\/\/i0.wp.com\/www.clubedascuriosidades.com\/wp-content\/uploads\/logo-simples-300x300.png?resize=300%2C300\" alt=\"Clube das Curiosidades - Logo\" width=\"300\" height=\"300\" srcset=\"https:\/\/i0.wp.com\/pitangua.com.br\/clubedascuriosidades.com\/wp-content\/uploads\/logo-simples.png?resize=300%2C300&amp;ssl=1 300w, https:\/\/i0.wp.com\/pitangua.com.br\/clubedascuriosidades.com\/wp-content\/uploads\/logo-simples.png?resize=150%2C150&amp;ssl=1 150w, https:\/\/i0.wp.com\/pitangua.com.br\/clubedascuriosidades.com\/wp-content\/uploads\/logo-simples.png?resize=1024%2C1024&amp;ssl=1 1024w, https:\/\/i0.wp.com\/pitangua.com.br\/clubedascuriosidades.com\/wp-content\/uploads\/logo-simples.png?resize=200%2C200&amp;ssl=1 200w, https:\/\/i0.wp.com\/pitangua.com.br\/clubedascuriosidades.com\/wp-content\/uploads\/logo-simples.png?resize=50%2C50&amp;ssl=1 50w, https:\/\/i0.wp.com\/pitangua.com.br\/clubedascuriosidades.com\/wp-content\/uploads\/logo-simples.png?w=1320 1320w, https:\/\/i0.wp.com\/pitangua.com.br\/clubedascuriosidades.com\/wp-content\/uploads\/logo-simples.png?w=1980 1980w\" sizes=\"auto, (max-width: 300px) 100vw, 300px\" data-recalc-dims=\"1\" \/><br \/>\nO\u00a0<b><a title=\"Ir pra P\u00e1gina Inicial\" href=\"\/\" target=\"_blank\">Clube das Curiosidades<\/a><\/b>\u00a0foi criado em mar\u00e7o de 2011 e tem como objetivo ensinar o que as pessoas n\u00e3o sabem. Nosso blog \u00e9 perfeito para quem tem sede de conhecimento e quer conhecer mais sobre o mundo.<br \/>\nO nosso p\u00fablico alvo \u00e9 a parte das pessoas que n\u00e3o se contentam em apenas ver o Mundo, mas t\u00eam a curiosidade para saber como ele funciona, o por qu\u00ea das coisas serem do jeito que s\u00e3o.<br \/>\nSabemos que o conhecimento \u00e9 algo extremamente importante na vida de qualquer pessoa, por isso a cria\u00e7\u00e3o desse blog, para que as pessoas adquiram conhecimento atrav\u00e9s de nossas curiosidades.<\/p>\n<p style=\"text-align: right;\">Estamos no\u00a0<a title=\"Clube das Curiosidades no Twitter\" href=\"http:\/\/www.twitter.com\/ccuriosidades\" target=\"_blank\"><b>Twitter<\/b><\/a>, no\u00a0<b><a title=\"Clube das Curiosidades no Facebook\" href=\"http:\/\/www.twitter.com\/clubedascuriosidadesblog\" target=\"_blank\">Facebook<\/a><\/b>\u00a0e no\u00a0<a title=\"Clube das Curiosidades no Google+\" href=\"https:\/\/plus.google.com\/+Clubedascuriosidades\" target=\"_blank\"><b>Google+<\/b><\/a><\/p><!--CusAds0-->\n<p>&nbsp;<\/p>\n<h2>O Autor<\/h2>\n<!--CusAds--><p><img loading=\"lazy\" decoding=\"async\" class=\"alignleft wp-image-1408 size-medium\" src=\"http:\/\/www.gravatar.com\/avatar\/3d831fbb6a0aae9e8d753e468c4b10f1?s=300\" alt=\"Elton Viana\" width=\"300\" height=\"300\" \/><br \/>\n<b><a title=\"Ir para Perfil no Google+\" href=\"https:\/\/plus.google.com\/105039166931194197094\" target=\"_blank\">Elton Viana<\/a><\/b> \u00e9 o criador do Clube das Curiosidades. Nasceu em Jo\u00e3o Pessoa, por\u00e9m j\u00e1 morou em Bras\u00edlia, Florian\u00f3polis e em Natal, onde reside atualmente (pelo menos por enquanto), tem 17 anos, e cursa Tecnologia da Informa\u00e7\u00e3o na UFRN. Em mar\u00e7o de 2011, come\u00e7ou sua sua jornada com os blogs, atualmente, trabalha como Full-Stack developer (veja meu <a href=\"https:\/\/github.com\/eltonvs\" target=\"_blank\">github<\/a> :D).<\/p>\n<p style=\"text-align: right;\">Estou no\u00a0<a title=\"Elton Viana no Twitter\" href=\"http:\/\/www.twitter.com\/eltonsviana\" target=\"_blank\"><b>Twitter<\/b><\/a>,\u00a0<a title=\"Elton Viana no Facebook\" href=\"http:\/\/www.facebook.com\/eltonsviana\" target=\"_blank\"><b>Facebook<\/b><\/a>\u00a0e\u00a0<a title=\"Elton Viana no Google+\" href=\"https:\/\/plus.google.com\/105039166931194197094\" target=\"_blank\"><b>Google+<\/b><\/a>.<\/p>\n<!--CusAds-->\n<div style=\"font-size: 0px; height: 0px; line-height: 0px; margin: 0; padding: 0; clear: both;\"><\/div>","protected":false},"excerpt":{"rendered":"<p>O Blog O\u00a0Clube das Curiosidades\u00a0foi criado em mar\u00e7o de 2011 e tem como objetivo ensinar o que as pessoas n\u00e3o sabem. Nosso blog \u00e9 perfeito para quem tem sede de conhecimento e quer conhecer mais sobre o mundo. O nosso p\u00fablico alvo \u00e9 a parte das pessoas que n\u00e3o se contentam em apenas ver o &hellip; <a href=\"https:\/\/pitangua.com.br\/clubedascuriosidades.com\/sobre\" class=\"more-link\">Continuar lendo <span class=\"screen-reader-text\">Sobre<\/span><\/a><\/p>\n","protected":false},"author":1,"featured_media":0,"parent":0,"menu_order":0,"comment_status":"closed","ping_status":"closed","template":"page-about.php","meta":{"footnotes":""},"class_list":["post-146","page","type-page","status-publish","hentry"],"yoast_head":"<!-- This site is optimized with the Yoast SEO plugin v22.7 - https:\/\/yoast.com\/wordpress\/plugins\/seo\/ -->\n<title>Sobre - Clube das Curiosidades<\/title>\n<meta name=\"description\" content=\"Conhe\u00e7a o Clube das Curiosidades e saiba quem est\u00e1 por tr\u00e1s dele.\" \/>\n<meta name=\"robots\" content=\"index, follow, max-snippet:-1, max-image-preview:large, max-video-preview:-1\" \/>\n<link rel=\"canonical\" href=\"https:\/\/pitangua.com.br\/clubedascuriosidades.com\/sobre\" \/>\n<meta property=\"og:locale\" content=\"pt_BR\" \/>\n<meta property=\"og:type\" content=\"article\" \/>\n<meta property=\"og:title\" content=\"Sobre - Clube das Curiosidades\" \/>\n<meta property=\"og:description\" content=\"Conhe\u00e7a o Clube das Curiosidades e saiba quem est\u00e1 por tr\u00e1s dele.\" \/>\n<meta property=\"og:url\" content=\"https:\/\/pitangua.com.br\/clubedascuriosidades.com\/sobre\" \/>\n<meta property=\"og:site_name\" content=\"Clube das Curiosidades\" \/>\n<meta property=\"article:publisher\" content=\"http:\/\/www.facebook.com\/clubedascuriosidadesblog\" \/>\n<meta property=\"article:modified_time\" content=\"2016-02-17T20:32:26+00:00\" \/>\n<meta property=\"og:image\" content=\"http:\/\/www.clubedascuriosidades.com\/wp-content\/uploads\/logo-simples-300x300.png\" \/>\n<meta name=\"twitter:card\" content=\"summary_large_image\" \/>\n<meta name=\"twitter:site\" content=\"@ccuriosidades\" \/>\n<meta name=\"twitter:label1\" content=\"Est. tempo de leitura\" \/>\n\t<meta name=\"twitter:data1\" content=\"1 minuto\" \/>\n<script type=\"application\/ld+json\" class=\"yoast-schema-graph\">{\"@context\":\"https:\/\/schema.org\",\"@graph\":[{\"@type\":\"WebPage\",\"@id\":\"https:\/\/pitangua.com.br\/clubedascuriosidades.com\/sobre\",\"url\":\"https:\/\/pitangua.com.br\/clubedascuriosidades.com\/sobre\",\"name\":\"Sobre - Clube das Curiosidades\",\"isPartOf\":{\"@id\":\"http:\/\/pitangua.com.br\/clubedascuriosidades.com\/#website\"},\"primaryImageOfPage\":{\"@id\":\"https:\/\/pitangua.com.br\/clubedascuriosidades.com\/sobre#primaryimage\"},\"image\":{\"@id\":\"https:\/\/pitangua.com.br\/clubedascuriosidades.com\/sobre#primaryimage\"},\"thumbnailUrl\":\"http:\/\/www.clubedascuriosidades.com\/wp-content\/uploads\/logo-simples-300x300.png\",\"datePublished\":\"2013-10-31T18:11:00+00:00\",\"dateModified\":\"2016-02-17T20:32:26+00:00\",\"description\":\"Conhe\u00e7a o Clube das Curiosidades e saiba quem est\u00e1 por tr\u00e1s dele.\",\"breadcrumb\":{\"@id\":\"https:\/\/pitangua.com.br\/clubedascuriosidades.com\/sobre#breadcrumb\"},\"inLanguage\":\"pt-BR\",\"potentialAction\":[{\"@type\":\"ReadAction\",\"target\":[\"https:\/\/pitangua.com.br\/clubedascuriosidades.com\/sobre\"]}]},{\"@type\":\"ImageObject\",\"inLanguage\":\"pt-BR\",\"@id\":\"https:\/\/pitangua.com.br\/clubedascuriosidades.com\/sobre#primaryimage\",\"url\":\"http:\/\/www.clubedascuriosidades.com\/wp-content\/uploads\/logo-simples-300x300.png\",\"contentUrl\":\"http:\/\/www.clubedascuriosidades.com\/wp-content\/uploads\/logo-simples-300x300.png\"},{\"@type\":\"BreadcrumbList\",\"@id\":\"https:\/\/pitangua.com.br\/clubedascuriosidades.com\/sobre#breadcrumb\",\"itemListElement\":[{\"@type\":\"ListItem\",\"position\":1,\"name\":\"Home\",\"item\":\"http:\/\/pitangua.com.br\/clubedascuriosidades.com\"},{\"@type\":\"ListItem\",\"position\":2,\"name\":\"Sobre\"}]},{\"@type\":\"WebSite\",\"@id\":\"http:\/\/pitangua.com.br\/clubedascuriosidades.com\/#website\",\"url\":\"http:\/\/pitangua.com.br\/clubedascuriosidades.com\/\",\"name\":\"Clube das Curiosidades\",\"description\":\"Desperte sua Curiosidade\",\"potentialAction\":[{\"@type\":\"SearchAction\",\"target\":{\"@type\":\"EntryPoint\",\"urlTemplate\":\"http:\/\/pitangua.com.br\/clubedascuriosidades.com\/?s={search_term_string}\"},\"query-input\":\"required name=search_term_string\"}],\"inLanguage\":\"pt-BR\"}]}<\/script>\n<!-- \/ Yoast SEO plugin. -->","yoast_head_json":{"title":"Sobre - Clube das Curiosidades","description":"Conhe\u00e7a o Clube das Curiosidades e saiba quem est\u00e1 por tr\u00e1s dele.","robots":{"index":"index","follow":"follow","max-snippet":"max-snippet:-1","max-image-preview":"max-image-preview:large","max-video-preview":"max-video-preview:-1"},"canonical":"https:\/\/pitangua.com.br\/clubedascuriosidades.com\/sobre","og_locale":"pt_BR","og_type":"article","og_title":"Sobre - Clube das Curiosidades","og_description":"Conhe\u00e7a o Clube das Curiosidades e saiba quem est\u00e1 por tr\u00e1s dele.","og_url":"https:\/\/pitangua.com.br\/clubedascuriosidades.com\/sobre","og_site_name":"Clube das Curiosidades","article_publisher":"http:\/\/www.facebook.com\/clubedascuriosidadesblog","article_modified_time":"2016-02-17T20:32:26+00:00","og_image":[{"url":"http:\/\/www.clubedascuriosidades.com\/wp-content\/uploads\/logo-simples-300x300.png"}],"twitter_card":"summary_large_image","twitter_site":"@ccuriosidades","twitter_misc":{"Est. tempo de leitura":"1 minuto"},"schema":{"@context":"https:\/\/schema.org","@graph":[{"@type":"WebPage","@id":"https:\/\/pitangua.com.br\/clubedascuriosidades.com\/sobre","url":"https:\/\/pitangua.com.br\/clubedascuriosidades.com\/sobre","name":"Sobre - Clube das Curiosidades","isPartOf":{"@id":"http:\/\/pitangua.com.br\/clubedascuriosidades.com\/#website"},"primaryImageOfPage":{"@id":"https:\/\/pitangua.com.br\/clubedascuriosidades.com\/sobre#primaryimage"},"image":{"@id":"https:\/\/pitangua.com.br\/clubedascuriosidades.com\/sobre#primaryimage"},"thumbnailUrl":"http:\/\/www.clubedascuriosidades.com\/wp-content\/uploads\/logo-simples-300x300.png","datePublished":"2013-10-31T18:11:00+00:00","dateModified":"2016-02-17T20:32:26+00:00","description":"Conhe\u00e7a o Clube das Curiosidades e saiba quem est\u00e1 por tr\u00e1s dele.","breadcrumb":{"@id":"https:\/\/pitangua.com.br\/clubedascuriosidades.com\/sobre#breadcrumb"},"inLanguage":"pt-BR","potentialAction":[{"@type":"ReadAction","target":["https:\/\/pitangua.com.br\/clubedascuriosidades.com\/sobre"]}]},{"@type":"ImageObject","inLanguage":"pt-BR","@id":"https:\/\/pitangua.com.br\/clubedascuriosidades.com\/sobre#primaryimage","url":"http:\/\/www.clubedascuriosidades.com\/wp-content\/uploads\/logo-simples-300x300.png","contentUrl":"http:\/\/www.clubedascuriosidades.com\/wp-content\/uploads\/logo-simples-300x300.png"},{"@type":"BreadcrumbList","@id":"https:\/\/pitangua.com.br\/clubedascuriosidades.com\/sobre#breadcrumb","itemListElement":[{"@type":"ListItem","position":1,"name":"Home","item":"http:\/\/pitangua.com.br\/clubedascuriosidades.com"},{"@type":"ListItem","position":2,"name":"Sobre"}]},{"@type":"WebSite","@id":"http:\/\/pitangua.com.br\/clubedascuriosidades.com\/#website","url":"http:\/\/pitangua.com.br\/clubedascuriosidades.com\/","name":"Clube das Curiosidades","description":"Desperte sua Curiosidade","potentialAction":[{"@type":"SearchAction","target":{"@type":"EntryPoint","urlTemplate":"http:\/\/pitangua.com.br\/clubedascuriosidades.com\/?s={search_term_string}"},"query-input":"required name=search_term_string"}],"inLanguage":"pt-BR"}]}},"jetpack_sharing_enabled":true,"_links":{"self":[{"href":"https:\/\/pitangua.com.br\/clubedascuriosidades.com\/wp-json\/wp\/v2\/pages\/146","targetHints":{"allow":["GET"]}}],"collection":[{"href":"https:\/\/pitangua.com.br\/clubedascuriosidades.com\/wp-json\/wp\/v2\/pages"}],"about":[{"href":"https:\/\/pitangua.com.br\/clubedascuriosidades.com\/wp-json\/wp\/v2\/types\/page"}],"author":[{"embeddable":true,"href":"https:\/\/pitangua.com.br\/clubedascuriosidades.com\/wp-json\/wp\/v2\/users\/1"}],"replies":[{"embeddable":true,"href":"https:\/\/pitangua.com.br\/clubedascuriosidades.com\/wp-json\/wp\/v2\/comments?post=146"}],"version-history":[{"count":8,"href":"https:\/\/pitangua.com.br\/clubedascuriosidades.com\/wp-json\/wp\/v2\/pages\/146\/revisions"}],"predecessor-version":[{"id":1938,"href":"https:\/\/pitangua.com.br\/clubedascuriosidades.com\/wp-json\/wp\/v2\/pages\/146\/revisions\/1938"}],"wp:attachment":[{"href":"https:\/\/pitangua.com.br\/clubedascuriosidades.com\/wp-json\/wp\/v2\/media?parent=146"}],"curies":[{"name":"wp","href":"https:\/\/api.w.org\/{rel}","templated":true}]}}