{"id":144,"date":"2013-12-04T15:20:00","date_gmt":"2013-12-04T18:20:00","guid":{"rendered":"http:\/\/198.136.48.26\/~clubedas\/anuncie-midia-kit"},"modified":"2014-10-05T15:59:07","modified_gmt":"2014-10-05T18:59:07","slug":"anuncie","status":"publish","type":"page","link":"https:\/\/pitangua.com.br\/clubedascuriosidades.com\/anuncie","title":{"rendered":"Anuncie (M\u00eddia Kit)"},"content":{"rendered":"<div class=\"f7a29cab2a317c7721f4afed2555e9bc\" data-index=\"1\" style=\"float: none; margin:10px 0 10px 0; text-align:center;\">\n<!-- Spider.Ad TAG - Formato Banner Arroba - Website http:\/\/www.clubedascuriosidades.com --> <script type=\"text\/javascript\" src=\"http:\/\/lizard1301.spider.ad\/spd_display?id=15993&arg=divSpdRetangulo\"><\/script> <!-- Fim da Spider.Ad TAG -->\n<\/div>\n<p>O <b>Clube das Curiosidades<\/b> foi criado em Mar\u00e7o de 2011 por <b>Elton Viana<\/b>, objetivando despertar sua curiosidade para o Mundo, fazendo com que voc\u00ea o possa entender melhor. Se voc\u00ea quer que sua <b>marca<\/b>, <b>produto<\/b> ou <b>outro servi\u00e7o<\/b> apare\u00e7a para um p\u00fablico <b>jovem<\/b>, que tem sede de <b>conhecimento<\/b> e quer saber mais sobre o Mundo em que vive, <b>Anuncie no Clube das Curiosidades<\/b>.<\/p>\n<h2>Estat\u00edsticas &#8211; Atualizado em Outubro de 2014<\/h2>\n<h3>Visitantes<\/h3>\n<ul>\n<li>M\u00e9dia de <b>400 visualiza\u00e7\u00f5es di\u00e1rias<\/b>.<\/li>\n<li><b>1,39 p\u00e1ginas<\/b> por visitante.<\/li>\n<li>Dura\u00e7\u00e3o m\u00e9dia de <b>1,3 minutos<\/b> por visitante.<\/li>\n<li>Taxa de rejei\u00e7\u00e3o m\u00e9dia de <strong>79%<\/strong>.<\/li>\n<li><b>90%<\/b> de <b>novas<\/b> visitas.<\/li>\n<li><b>10%<\/b> de <b>retorno<\/b> dos visitantes.<\/li>\n<li><b>18%<\/b> das visitas vindas de <b>usu\u00e1rios mobile<\/b>.<\/li>\n<\/ul>\n<h3>Localiza\u00e7\u00e3o (Pa\u00edses)<\/h3>\n<ul>\n<li>Brasil: <strong>91,4%<\/strong><\/li>\n<li>Portugal: <strong>2,4%<\/strong><\/li>\n<li>EUA: <b>1,6%<\/b><\/li>\n<li>\u00cdndia: <strong>1,3%<\/strong><\/li>\n<li>Outros: <strong>3,3%<\/strong><\/li>\n<\/ul>\n<h3>Localiza\u00e7\u00e3o (Regi\u00f5es do Brasil)<\/h3>\n<ul>\n<li>S\u00e3o Paulo: <strong>26,7%<\/strong><\/li>\n<li>Minas Gerais: <strong>12,5%<\/strong><\/li>\n<li>Rio de Janeiro: <strong>9,3%<\/strong><\/li>\n<li>Bahia: <strong>7,3%<\/strong><\/li>\n<li>Rio Grande do Sul: <strong>6,2%<\/strong><\/li>\n<li>Paran\u00e1: <strong>6%<\/strong><\/li>\n<li>Pernambuco: <strong>5,9%<\/strong><\/li>\n<li>Santa Catarina: <strong>4,5%<\/strong><\/li>\n<li>Rio Grande do Norte: <strong>3%<\/strong><\/li>\n<li><strong>Outros: 18,6%<\/strong><\/li>\n<\/ul>\n<h3>Dados do Site<\/h3>\n<ul>\n<li><b>+200 artigos<\/b> publicados<\/li>\n<li><b>+230 coment\u00e1rios<\/b> publicados<\/li>\n<li><b>+400 curtidas<\/b> no Facebook &#8211; <a href=\"http:\/\/www.fb.me\/clubedascuriosidadesblog\" target=\"_blank\">Clube das Curiosidades<\/a><\/li>\n<li><b>+200 seguidores<\/b> no Twitter &#8211; <a href=\"http:\/\/twitter.com\/ccuriosidades\" target=\"_blank\">@ccuriosidades<\/a><\/li>\n<li><b>+15 seguidores<\/b> no Google Plus &#8211; <a href=\"http:\/\/plus.google.com\/+Clubedascuriosidades\" target=\"_blank\">Clube das Curiosidades<\/a><\/li>\n<\/ul>\n<h2>Formas de An\u00fancio<\/h2>\n<p>O Clube das Curiosidades possui v\u00e1rias modalidades de an\u00fancios, para que voc\u00ea possa analisar quais que se enquadram em suas necessidades.<br \/>\nNossas formas de an\u00fancio s\u00e3o:<\/p><!--CusAds0-->\n<ul>\n<li><b>SuperBanner<\/b> &#8211; Espa\u00e7o de 728x90px no topo de todas as p\u00e1ginas do blog, inclusive na home.<\/li>\n<li><b>MiniBanner<\/b> &#8211; Espa\u00e7o de 468x60px entre o t\u00edtulo e o conte\u00fado de todas as postagens do blog, possuindo uma grande visualiza\u00e7\u00e3o.<\/li>\n<li><b>Banner 1<\/b> e <b>Banner 2<\/b> &#8211; Espa\u00e7os de 300x250px na lateral esquerda do blog, aparecendo em todas as p\u00e1ginas, a \u00fanica diferen\u00e7a \u00e9 que o primeiro aparece antes da dobra, n\u00e3o precisando que o leitor des\u00e7a a p\u00e1gina para ver o an\u00fancio, diferente do segundo, que aparece um pouco mais abaixo.<\/li>\n<li><b>PostBanner<\/b> &#8211; Espa\u00e7o de 728x60px localizado acima dos coment\u00e1rios de todas as postagens do blog.<\/li>\n<li><b>PopUnder<\/b> &#8211; P\u00e1gina aberta atr\u00e1s do navegador a cada visita do blog.<\/li>\n<li><b>Troca de Background<\/b> &#8211; Pode ser negociada tamb\u00e9m a troca de background do site, feita atrav\u00e9s de um gabarito.<\/li>\n<li><b>Artigo Patrocinado &#8211; Publieditorial<\/b> &#8211; Artigo com links patrocinados publicado na home do blog e divulgado nas redes sociais.<\/li>\n<\/ul>\n<h3>Valores<\/h3>\n<ul>\n<li>\n<h4><b>SuperBanner<\/b><\/h4>\n<ul>\n<li>1 semana: R$ 50,00<\/li>\n<li>2 semanas: R$ 80,00<\/li>\n<li>1 m\u00eas: R$ 150,00<\/li>\n<\/ul>\n<\/li>\n<li>\n<h4><b>MiniBanner<\/b><\/h4>\n<ul>\n<li>1 semana: R$ 25,00<\/li>\n<li>2 semanas: R$ 40,00<\/li>\n<li>1 m\u00eas: R$ 70,00<\/li>\n<\/ul>\n<\/li>\n<li>\n<h4><b>Banner 1<\/b><\/h4>\n<ul>\n<li>1 semana: R$ 40,00<\/li>\n<li>2 semanas: R$ 80,00<\/li>\n<li>1 m\u00eas: R$ 120,00<\/li>\n<\/ul>\n<\/li>\n<li>\n<h4><b>Banner 2<\/b><\/h4>\n<ul>\n<li>1 semana: R$ 30,00<\/li>\n<li>2 semanas: R$ 50,00<\/li>\n<li>1 m\u00eas: R$\u00a080,00<\/li>\n<\/ul>\n<\/li>\n<li>\n<h4><b>PostBanner<\/b><\/h4>\n<ul>\n<li>1 semana: R$ 30,00<\/li>\n<li>2 semanas: R$ 50,00<\/li>\n<li>1 m\u00eas: R$ 80,00<\/li>\n<\/ul>\n<\/li>\n<li>\n<h4><b>Troca de Background<\/b><\/h4>\n<ul>\n<li>CPM (Valor a cada mil visualiza\u00e7\u00f5es): R$ 20,00<\/li>\n<li>Di\u00e1ria: R$: 10,00<\/li>\n<\/ul>\n<\/li>\n<li>\n<h3><strong>PopUnder<\/strong><\/h3>\n<ul>\n<li>CPM (Valor a cada mil visualiza\u00e7\u00f5es): R$ 10,00<\/li>\n<li>Di\u00e1ria: R$: 5,00<\/li>\n<\/ul>\n<\/li>\n<li>\n<h4><b>Artigo Patrocinado &#8211; Publieditorial<\/b><\/h4>\n<ul>\n<li>Texto escrito pelo contratante: R$ 120,00<\/li>\n<li>Texto escrito pelo Clube das Curiosidades: R$ 150,00<\/li>\n<\/ul>\n<\/li>\n<\/ul>\n<p><b>Nota:<\/b> Campanhas por per\u00edodos maiores ou em outros formatos s\u00e3o negoci\u00e1veis.<\/p>\n<h3>Formas de Pagamento<\/h3>\n<ul>\n<li>Dep\u00f3sito em Conta Poupan\u00e7a (Banco do Brasil).<\/li>\n<li>PayPal.<\/li>\n<\/ul>\n<p>Nota: Caso necessite de outra forma de pagamento, especifique-a na mensagem de contato.<\/p>\n<h3>Par\u00e2metros<\/h3>\n<h4><b>Banners<\/b><\/h4>\n<ul>\n<li>Formato: <b>JPG<\/b>, <b>PNG<\/b> ou <b>GIF<\/b><\/li>\n<li>Tamanho: <b>at\u00e9 30KB<\/b><\/li>\n<li>Links: <b>nofollow<\/b> (inegoci\u00e1vel)<\/li>\n<\/ul>\n<h4><b>Artigo Patrocinado &#8211; Publieditorial<\/b><\/h4>\n<ul>\n<li>Texto com <b>no m\u00ednimo 200 palavras<\/b><\/li>\n<li>Links: <b>nofollow<\/b> (inegoci\u00e1vel)<\/li>\n<li><b>Permitido<\/b> o uso de <b>imagens<\/b> (PNG ou JPG), <b>v\u00eddeos<\/b> e <b>slideshows<\/b><\/li>\n<\/ul>\n<h2>Observa\u00e7\u00f5es<\/h2>\n<ul>\n<li>Qualquer d\u00favida deve ser tirada antes do acordo.<\/li>\n<li>N\u00e3o fazemos a devolu\u00e7\u00e3o do dinheiro ap\u00f3s a publica\u00e7\u00e3o da publicidade.<\/li>\n<li>Ap\u00f3s o acerto dos termos e a efetua\u00e7\u00e3o do pagamento, torna-se imposs\u00edvel a altera\u00e7\u00e3o.<\/li>\n<li>Antes de efetuar o pagamento entre em contato conosco para saber se o espa\u00e7o solicitado est\u00e1 dispon\u00edvel.<\/li>\n<\/ul>\n<h2>Contato<\/h2>\n<!--CusAds--><p>Caso tenha se interessado por alguma das formas de publicidade mencionada acima, entre em contato conosco atrav\u00e9s deste formul\u00e1rio ou envie-nos um email para <a href=\"mailto:contato@clubedascuriosidades.com\">contato@clubedascuriosidades.com<\/a>.<\/p>\n\n<div class=\"wpcf7 no-js\" id=\"wpcf7-f1024-o1\" lang=\"pt-BR\" dir=\"ltr\">\n<div class=\"screen-reader-response\"><p role=\"status\" aria-live=\"polite\" aria-atomic=\"true\"><\/p> <ul><\/ul><\/div>\n<form action=\"\/clubedascuriosidades.com\/wp-json\/wp\/v2\/pages\/144#wpcf7-f1024-o1\" method=\"post\" class=\"wpcf7-form init\" aria-label=\"Formul\u00e1rios de contato\" novalidate=\"novalidate\" data-status=\"init\">\n<div style=\"display: none;\">\n<input type=\"hidden\" name=\"_wpcf7\" value=\"1024\" \/>\n<input type=\"hidden\" name=\"_wpcf7_version\" value=\"5.9.5\" \/>\n<input type=\"hidden\" name=\"_wpcf7_locale\" value=\"pt_BR\" \/>\n<input type=\"hidden\" name=\"_wpcf7_unit_tag\" value=\"wpcf7-f1024-o1\" \/>\n<input type=\"hidden\" name=\"_wpcf7_container_post\" value=\"0\" \/>\n<input type=\"hidden\" name=\"_wpcf7_posted_data_hash\" value=\"\" \/>\n<\/div>\n<p>Seu nome (obrigat\u00f3rio)\n<\/p>\n<p><span class=\"wpcf7-form-control-wrap\" data-name=\"your-name\"><input size=\"40\" class=\"wpcf7-form-control wpcf7-text wpcf7-validates-as-required\" aria-required=\"true\" aria-invalid=\"false\" value=\"\" type=\"text\" name=\"your-name\" \/><\/span>\n<\/p>\n<p>Seu e-mail (obrigat\u00f3rio)\n<\/p>\n<p><span class=\"wpcf7-form-control-wrap\" data-name=\"your-email\"><input size=\"40\" class=\"wpcf7-form-control wpcf7-email wpcf7-validates-as-required wpcf7-text wpcf7-validates-as-email\" aria-required=\"true\" aria-invalid=\"false\" value=\"\" type=\"email\" name=\"your-email\" \/><\/span>\n<\/p>\n<p>Como voc\u00ea deseja anunciar?\n<\/p>\n<p><span class=\"wpcf7-form-control-wrap\" data-name=\"your-message\"><textarea cols=\"40\" rows=\"10\" class=\"wpcf7-form-control wpcf7-textarea\" aria-invalid=\"false\" name=\"your-message\"><\/textarea><\/span>\n<\/p>\n<p><input class=\"wpcf7-form-control wpcf7-submit has-spinner\" type=\"submit\" value=\"Enviar\" \/>\n<\/p><p style=\"display: none !important;\"><label>&#916;<textarea name=\"_wpcf7_ak_hp_textarea\" cols=\"45\" rows=\"8\" maxlength=\"100\"><\/textarea><\/label><input type=\"hidden\" id=\"ak_js_1\" name=\"_wpcf7_ak_js\" value=\"31\"\/><script>document.getElementById( \"ak_js_1\" ).setAttribute( \"value\", ( new Date() ).getTime() );<\/script><\/p><div class=\"wpcf7-response-output\" aria-hidden=\"true\"><\/div>\n<\/form>\n<\/div>\n\n<!--CusAds-->\n<div style=\"font-size: 0px; height: 0px; line-height: 0px; margin: 0; padding: 0; clear: both;\"><\/div>","protected":false},"excerpt":{"rendered":"<p>O Clube das Curiosidades foi criado em Mar\u00e7o de 2011 por Elton Viana, objetivando despertar sua curiosidade para o Mundo, fazendo com que voc\u00ea o possa entender melhor. Se voc\u00ea quer que sua marca, produto ou outro servi\u00e7o apare\u00e7a para um p\u00fablico jovem, que tem sede de conhecimento e quer saber mais sobre o Mundo &hellip; <a href=\"https:\/\/pitangua.com.br\/clubedascuriosidades.com\/anuncie\" class=\"more-link\">Continuar lendo <span class=\"screen-reader-text\">Anuncie (M\u00eddia Kit)<\/span><\/a><\/p>\n","protected":false},"author":1,"featured_media":0,"parent":0,"menu_order":0,"comment_status":"closed","ping_status":"closed","template":"page-nosidebar.php","meta":{"footnotes":""},"class_list":["post-144","page","type-page","status-publish","hentry"],"yoast_head":"<!-- This site is optimized with the Yoast SEO plugin v22.7 - https:\/\/yoast.com\/wordpress\/plugins\/seo\/ -->\n<title>Anuncie (M\u00eddia Kit) - Clube das Curiosidades<\/title>\n<meta name=\"description\" content=\"Conhe\u00e7a os formatos e formas de an\u00fancio e anuncie no Clube das Curiosidades\" \/>\n<meta name=\"robots\" content=\"index, follow, max-snippet:-1, max-image-preview:large, max-video-preview:-1\" \/>\n<link rel=\"canonical\" href=\"https:\/\/pitangua.com.br\/clubedascuriosidades.com\/anuncie\" \/>\n<meta property=\"og:locale\" content=\"pt_BR\" \/>\n<meta property=\"og:type\" content=\"article\" \/>\n<meta property=\"og:title\" content=\"Anuncie (M\u00eddia Kit) - Clube das Curiosidades\" \/>\n<meta property=\"og:description\" content=\"Conhe\u00e7a os formatos e formas de an\u00fancio e anuncie no Clube das Curiosidades\" \/>\n<meta property=\"og:url\" content=\"https:\/\/pitangua.com.br\/clubedascuriosidades.com\/anuncie\" \/>\n<meta property=\"og:site_name\" content=\"Clube das Curiosidades\" \/>\n<meta property=\"article:publisher\" content=\"http:\/\/www.facebook.com\/clubedascuriosidadesblog\" \/>\n<meta property=\"article:modified_time\" content=\"2014-10-05T18:59:07+00:00\" \/>\n<meta property=\"og:image\" content=\"http:\/\/lh6.googleusercontent.com\/-sZonrRiZJy8\/UrDkOifb_dI\/AAAAAAAAAgk\/RWoe3pVehPI\/w1080-h608-no\/capa%2bgplus.png\" \/>\n<meta name=\"twitter:card\" content=\"summary_large_image\" \/>\n<meta name=\"twitter:site\" content=\"@ccuriosidades\" \/>\n<meta name=\"twitter:label1\" content=\"Est. tempo de leitura\" \/>\n\t<meta name=\"twitter:data1\" content=\"3 minutos\" \/>\n<script type=\"application\/ld+json\" class=\"yoast-schema-graph\">{\"@context\":\"https:\/\/schema.org\",\"@graph\":[{\"@type\":\"WebPage\",\"@id\":\"https:\/\/pitangua.com.br\/clubedascuriosidades.com\/anuncie\",\"url\":\"https:\/\/pitangua.com.br\/clubedascuriosidades.com\/anuncie\",\"name\":\"Anuncie (M\u00eddia Kit) - Clube das Curiosidades\",\"isPartOf\":{\"@id\":\"http:\/\/pitangua.com.br\/clubedascuriosidades.com\/#website\"},\"datePublished\":\"2013-12-04T18:20:00+00:00\",\"dateModified\":\"2014-10-05T18:59:07+00:00\",\"description\":\"Conhe\u00e7a os formatos e formas de an\u00fancio e anuncie no Clube das Curiosidades\",\"breadcrumb\":{\"@id\":\"https:\/\/pitangua.com.br\/clubedascuriosidades.com\/anuncie#breadcrumb\"},\"inLanguage\":\"pt-BR\",\"potentialAction\":[{\"@type\":\"ReadAction\",\"target\":[\"https:\/\/pitangua.com.br\/clubedascuriosidades.com\/anuncie\"]}]},{\"@type\":\"BreadcrumbList\",\"@id\":\"https:\/\/pitangua.com.br\/clubedascuriosidades.com\/anuncie#breadcrumb\",\"itemListElement\":[{\"@type\":\"ListItem\",\"position\":1,\"name\":\"Home\",\"item\":\"http:\/\/pitangua.com.br\/clubedascuriosidades.com\"},{\"@type\":\"ListItem\",\"position\":2,\"name\":\"Anuncie (M\u00eddia Kit)\"}]},{\"@type\":\"WebSite\",\"@id\":\"http:\/\/pitangua.com.br\/clubedascuriosidades.com\/#website\",\"url\":\"http:\/\/pitangua.com.br\/clubedascuriosidades.com\/\",\"name\":\"Clube das Curiosidades\",\"description\":\"Desperte sua Curiosidade\",\"potentialAction\":[{\"@type\":\"SearchAction\",\"target\":{\"@type\":\"EntryPoint\",\"urlTemplate\":\"http:\/\/pitangua.com.br\/clubedascuriosidades.com\/?s={search_term_string}\"},\"query-input\":\"required name=search_term_string\"}],\"inLanguage\":\"pt-BR\"}]}<\/script>\n<!-- \/ Yoast SEO plugin. -->","yoast_head_json":{"title":"Anuncie (M\u00eddia Kit) - Clube das Curiosidades","description":"Conhe\u00e7a os formatos e formas de an\u00fancio e anuncie no Clube das Curiosidades","robots":{"index":"index","follow":"follow","max-snippet":"max-snippet:-1","max-image-preview":"max-image-preview:large","max-video-preview":"max-video-preview:-1"},"canonical":"https:\/\/pitangua.com.br\/clubedascuriosidades.com\/anuncie","og_locale":"pt_BR","og_type":"article","og_title":"Anuncie (M\u00eddia Kit) - Clube das Curiosidades","og_description":"Conhe\u00e7a os formatos e formas de an\u00fancio e anuncie no Clube das Curiosidades","og_url":"https:\/\/pitangua.com.br\/clubedascuriosidades.com\/anuncie","og_site_name":"Clube das Curiosidades","article_publisher":"http:\/\/www.facebook.com\/clubedascuriosidadesblog","article_modified_time":"2014-10-05T18:59:07+00:00","og_image":[{"url":"http:\/\/lh6.googleusercontent.com\/-sZonrRiZJy8\/UrDkOifb_dI\/AAAAAAAAAgk\/RWoe3pVehPI\/w1080-h608-no\/capa%2bgplus.png"}],"twitter_card":"summary_large_image","twitter_site":"@ccuriosidades","twitter_misc":{"Est. tempo de leitura":"3 minutos"},"schema":{"@context":"https:\/\/schema.org","@graph":[{"@type":"WebPage","@id":"https:\/\/pitangua.com.br\/clubedascuriosidades.com\/anuncie","url":"https:\/\/pitangua.com.br\/clubedascuriosidades.com\/anuncie","name":"Anuncie (M\u00eddia Kit) - Clube das Curiosidades","isPartOf":{"@id":"http:\/\/pitangua.com.br\/clubedascuriosidades.com\/#website"},"datePublished":"2013-12-04T18:20:00+00:00","dateModified":"2014-10-05T18:59:07+00:00","description":"Conhe\u00e7a os formatos e formas de an\u00fancio e anuncie no Clube das Curiosidades","breadcrumb":{"@id":"https:\/\/pitangua.com.br\/clubedascuriosidades.com\/anuncie#breadcrumb"},"inLanguage":"pt-BR","potentialAction":[{"@type":"ReadAction","target":["https:\/\/pitangua.com.br\/clubedascuriosidades.com\/anuncie"]}]},{"@type":"BreadcrumbList","@id":"https:\/\/pitangua.com.br\/clubedascuriosidades.com\/anuncie#breadcrumb","itemListElement":[{"@type":"ListItem","position":1,"name":"Home","item":"http:\/\/pitangua.com.br\/clubedascuriosidades.com"},{"@type":"ListItem","position":2,"name":"Anuncie (M\u00eddia Kit)"}]},{"@type":"WebSite","@id":"http:\/\/pitangua.com.br\/clubedascuriosidades.com\/#website","url":"http:\/\/pitangua.com.br\/clubedascuriosidades.com\/","name":"Clube das Curiosidades","description":"Desperte sua Curiosidade","potentialAction":[{"@type":"SearchAction","target":{"@type":"EntryPoint","urlTemplate":"http:\/\/pitangua.com.br\/clubedascuriosidades.com\/?s={search_term_string}"},"query-input":"required name=search_term_string"}],"inLanguage":"pt-BR"}]}},"jetpack_sharing_enabled":true,"_links":{"self":[{"href":"https:\/\/pitangua.com.br\/clubedascuriosidades.com\/wp-json\/wp\/v2\/pages\/144","targetHints":{"allow":["GET"]}}],"collection":[{"href":"https:\/\/pitangua.com.br\/clubedascuriosidades.com\/wp-json\/wp\/v2\/pages"}],"about":[{"href":"https:\/\/pitangua.com.br\/clubedascuriosidades.com\/wp-json\/wp\/v2\/types\/page"}],"author":[{"embeddable":true,"href":"https:\/\/pitangua.com.br\/clubedascuriosidades.com\/wp-json\/wp\/v2\/users\/1"}],"replies":[{"embeddable":true,"href":"https:\/\/pitangua.com.br\/clubedascuriosidades.com\/wp-json\/wp\/v2\/comments?post=144"}],"version-history":[{"count":7,"href":"https:\/\/pitangua.com.br\/clubedascuriosidades.com\/wp-json\/wp\/v2\/pages\/144\/revisions"}],"predecessor-version":[{"id":1326,"href":"https:\/\/pitangua.com.br\/clubedascuriosidades.com\/wp-json\/wp\/v2\/pages\/144\/revisions\/1326"}],"wp:attachment":[{"href":"https:\/\/pitangua.com.br\/clubedascuriosidades.com\/wp-json\/wp\/v2\/media?parent=144"}],"curies":[{"name":"wp","href":"https:\/\/api.w.org\/{rel}","templated":true}]}}